{"id":1569,"date":"2024-09-14T19:18:50","date_gmt":"2024-09-14T17:18:50","guid":{"rendered":"https:\/\/resuscitatio.org.rs\/?page_id=1569"},"modified":"2024-09-16T07:40:47","modified_gmt":"2024-09-16T05:40:47","slug":"mira-kurs-medic-in-remote-areas","status":"publish","type":"page","link":"https:\/\/resuscitatio.org.rs\/en\/mira-kurs-medic-in-remote-areas\/","title":{"rendered":"MIRA"},"content":{"rendered":"<div data-elementor-type=\"wp-page\" data-elementor-id=\"1569\" class=\"elementor elementor-1569\">\n\t\t\t\t\t\t<section class=\"elementor-section elementor-top-section elementor-element elementor-element-05d33c4 elementor-section-boxed elementor-section-height-default elementor-section-height-default\" data-id=\"05d33c4\" data-element_type=\"section\" data-e-type=\"section\" data-settings=\"{&quot;background_background&quot;:&quot;classic&quot;}\">\n\t\t\t\t\t\t\t<div class=\"elementor-background-overlay\"><\/div>\n\t\t\t\t\t\t\t<div class=\"elementor-container elementor-column-gap-no\">\n\t\t\t\t\t<div class=\"elementor-column elementor-col-100 elementor-top-column elementor-element elementor-element-3f8478c\" data-id=\"3f8478c\" data-element_type=\"column\" data-e-type=\"column\">\n\t\t\t<div class=\"elementor-widget-wrap elementor-element-populated\">\n\t\t\t\t\t\t<div class=\"elementor-element elementor-element-42b782f elementor-widget elementor-widget-heading\" data-id=\"42b782f\" data-element_type=\"widget\" data-e-type=\"widget\" data-widget_type=\"heading.default\">\n\t\t\t\t<div class=\"elementor-widget-container\">\n\t\t\t\t\t<h4 class=\"elementor-heading-title elementor-size-default\">ESTABLISHED 2004<\/h4>\t\t\t\t<\/div>\n\t\t\t\t<\/div>\n\t\t\t\t<div class=\"elementor-element elementor-element-0c3184e elementor-widget elementor-widget-heading\" data-id=\"0c3184e\" data-element_type=\"widget\" data-e-type=\"widget\" data-widget_type=\"heading.default\">\n\t\t\t\t<div class=\"elementor-widget-container\">\n\t\t\t\t\t<h2 class=\"elementor-heading-title elementor-size-default\">Medicine in Remote Areas (MIRA) <\/h2>\t\t\t\t<\/div>\n\t\t\t\t<\/div>\n\t\t\t\t<div class=\"elementor-element elementor-element-b7537d9 elementor-widget elementor-widget-text-editor\" data-id=\"b7537d9\" data-element_type=\"widget\" data-e-type=\"widget\" data-widget_type=\"text-editor.default\">\n\t\t\t\t<div class=\"elementor-widget-container\">\n\t\t\t\t\t\t\t\t\t<p>course, organized by the Resuscitation Council of Serbia, provides specialized training for healthcare professionals working in remote and hard-to-access areas. The course is designed to enhance participants' abilities to deliver emergency medical care in conditions that may be constrained by limited resources and infrastructure. It covers techniques and protocols for managing trauma, emergency situations, and both basic and advanced medical interventions in specific environments. Participants will learn to effectively use limited resources, perform patient assessments and treatments in challenging conditions, and manage emergencies in remote locations. The course aims to equip individuals with practical skills and theoretical knowledge necessary for effective emergency medical response outside major medical centers.<\/p>\t\t\t\t\t\t\t\t<\/div>\n\t\t\t\t<\/div>\n\t\t\t\t<div class=\"elementor-element elementor-element-2779d0f elementor-widget__width-auto elementor-mobile-align-justify elementor-widget-mobile__width-inherit elementor-widget elementor-widget-button\" data-id=\"2779d0f\" data-element_type=\"widget\" data-e-type=\"widget\" data-widget_type=\"button.default\">\n\t\t\t\t<div class=\"elementor-widget-container\">\n\t\t\t\t\t\t\t\t\t<div class=\"elementor-button-wrapper\">\n\t\t\t\t\t<a class=\"elementor-button elementor-button-link elementor-size-sm\" href=\"https:\/\/resuscitatio.org.rs\/prijava-za-kurs\/\">\n\t\t\t\t\t\t<span class=\"elementor-button-content-wrapper\">\n\t\t\t\t\t\t\t\t\t<span class=\"elementor-button-text\">Registration for the course<\/span>\n\t\t\t\t\t<\/span>\n\t\t\t\t\t<\/a>\n\t\t\t\t<\/div>\n\t\t\t\t\t\t\t\t<\/div>\n\t\t\t\t<\/div>\n\t\t\t\t\t<\/div>\n\t\t<\/div>\n\t\t\t\t\t<\/div>\n\t\t<\/section>\n\t\t\t\t<section class=\"elementor-section elementor-top-section elementor-element elementor-element-d8e371e elementor-section-boxed elementor-section-height-default elementor-section-height-default\" data-id=\"d8e371e\" data-element_type=\"section\" data-e-type=\"section\">\n\t\t\t\t\t\t<div class=\"elementor-container elementor-column-gap-no\">\n\t\t\t\t\t<div class=\"elementor-column elementor-col-33 elementor-top-column elementor-element elementor-element-ded2842\" data-id=\"ded2842\" data-element_type=\"column\" data-e-type=\"column\">\n\t\t\t<div class=\"elementor-widget-wrap elementor-element-populated\">\n\t\t\t\t\t\t<div class=\"elementor-element elementor-element-a9cf8b5 elementor-widget elementor-widget-heading\" data-id=\"a9cf8b5\" data-element_type=\"widget\" data-e-type=\"widget\" data-widget_type=\"heading.default\">\n\t\t\t\t<div class=\"elementor-widget-container\">\n\t\t\t\t\t<h2 class=\"elementor-heading-title elementor-size-default\">Medicine in Remote Areas (MIRA) <\/h2>\t\t\t\t<\/div>\n\t\t\t\t<\/div>\n\t\t\t\t<div class=\"elementor-element elementor-element-1eb3b94 elementor-widget elementor-widget-button\" data-id=\"1eb3b94\" data-element_type=\"widget\" data-e-type=\"widget\" data-widget_type=\"button.default\">\n\t\t\t\t<div class=\"elementor-widget-container\">\n\t\t\t\t\t\t\t\t\t<div class=\"elementor-button-wrapper\">\n\t\t\t\t\t<a class=\"elementor-button elementor-button-link elementor-size-sm\" href=\"https:\/\/resuscitatio.org.rs\/wp-content\/uploads\/2024\/09\/MIRA-Flaje.pdf\" target=\"_blank\">\n\t\t\t\t\t\t<span class=\"elementor-button-content-wrapper\">\n\t\t\t\t\t\t<span class=\"elementor-button-icon\">\n\t\t\t\t<i aria-hidden=\"true\" class=\"far fa-file-pdf\"><\/i>\t\t\t<\/span>\n\t\t\t\t\t\t\t\t\t<span class=\"elementor-button-text\">Download<\/span>\n\t\t\t\t\t<\/span>\n\t\t\t\t\t<\/a>\n\t\t\t\t<\/div>\n\t\t\t\t\t\t\t\t<\/div>\n\t\t\t\t<\/div>\n\t\t\t\t<div class=\"elementor-element elementor-element-a139e55 elementor-widget-divider--view-line elementor-widget elementor-widget-divider\" data-id=\"a139e55\" data-element_type=\"widget\" data-e-type=\"widget\" data-widget_type=\"divider.default\">\n\t\t\t\t<div class=\"elementor-widget-container\">\n\t\t\t\t\t\t\t<div class=\"elementor-divider\">\n\t\t\t<span class=\"elementor-divider-separator\">\n\t\t\t\t\t\t<\/span>\n\t\t<\/div>\n\t\t\t\t\t\t<\/div>\n\t\t\t\t<\/div>\n\t\t\t\t\t<\/div>\n\t\t<\/div>\n\t\t\t\t<div class=\"elementor-column elementor-col-33 elementor-top-column elementor-element elementor-element-15d69e9\" data-id=\"15d69e9\" data-element_type=\"column\" data-e-type=\"column\">\n\t\t\t<div class=\"elementor-widget-wrap elementor-element-populated\">\n\t\t\t\t\t\t<div class=\"elementor-element elementor-element-1a39fba elementor-widget elementor-widget-eael-adv-accordion\" data-id=\"1a39fba\" data-element_type=\"widget\" data-e-type=\"widget\" data-widget_type=\"eael-adv-accordion.default\">\n\t\t\t\t<div class=\"elementor-widget-container\">\n\t\t\t\t\t            <div class=\"eael-adv-accordion\" id=\"eael-adv-accordion-1a39fba\" data-scroll-on-click=\"\" data-scroll-speed=\"300\" data-accordion-id=\"1a39fba\" data-accordion-type=\"accordion\" data-toogle-speed=\"300\">\n            <div class=\"eael-accordion-list\">\n\t\t\t\t\t<div id=\"opis-kursa-\" class=\"elementor-tab-title eael-accordion-header\" tabindex=\"0\" data-tab=\"1\" aria-controls=\"elementor-tab-content-2751\"><span class=\"eael-advanced-accordion-icon-closed\"><i aria-hidden=\"true\" class=\"fa-accordion-icon fas fa-plus\"><\/i><\/span><span class=\"eael-advanced-accordion-icon-opened\"><i aria-hidden=\"true\" class=\"fa-accordion-icon fas fa-minus\"><\/i><\/span><span class=\"eael-accordion-tab-title\">Course Description <\/span><i aria-hidden=\"true\" class=\"fa-toggle fas fa-angle-right\"><\/i><\/div><div id=\"elementor-tab-content-2751\" class=\"eael-accordion-content clearfix\" data-tab=\"1\" aria-labelledby=\"opis-kursa-\"><p class=\" translation-block\"><strong>The MIRA course<\/strong> is intensive and hands-on, focusing on the stabilization and prolonged care of casualties until emergency services arrive. It covers a wide range of topics, including:<\/p><ul><li class=\" translation-block\">Clinical Scope of Practice: Understanding the role and responsibilities of a medical officer in remote areas.<\/li><li class=\" translation-block\">Patient Assessment and Diagnosis: Techniques for assessing and diagnosing patients in the field.<\/li><li class=\" translation-block\">Airway Management: Use of devices like i-gel, LMA, and performing surgical airways.<\/li><li class=\" translation-block\">Chest and Abdominal Trauma: Management of thoracic and abdominal injuries.<\/li><li class=\" translation-block\">Hemorrhage Control: Techniques for controlling bleeding, including the use of tourniquets and hemostatic agents.<\/li><li class=\" translation-block\">Fracture Management: Use of various splints and immobilization techniques.<\/li><li class=\" translation-block\">Environmental Medicine: Handling medical issues related to extreme weather, altitude, and other environmental factors.<\/li><li class=\" translation-block\">Prolonged Field Care: Strategies for providing extended care when evacuation is delayed.<\/li><li class=\" translation-block\">Minor Injuries and Medical Emergencies: Management of minor injuries and common medical emergencies.<\/li><li class=\" translation-block\">Extrication Techniques: Safe methods for extricating patients from difficult situations.<\/li><li class=\" translation-block\">Bites and Stings: Treatment of bites and stings from snakes, scorpions, and spiders.<\/li><\/ul><\/div>\n\t\t\t\t\t<\/div><div class=\"eael-accordion-list\">\n\t\t\t\t\t<div id=\"ciljna-grupa\" class=\"elementor-tab-title eael-accordion-header\" tabindex=\"0\" data-tab=\"2\" aria-controls=\"elementor-tab-content-2752\"><span class=\"eael-advanced-accordion-icon-closed\"><i aria-hidden=\"true\" class=\"fa-accordion-icon fas fa-plus\"><\/i><\/span><span class=\"eael-advanced-accordion-icon-opened\"><i aria-hidden=\"true\" class=\"fa-accordion-icon fas fa-minus\"><\/i><\/span><span class=\"eael-accordion-tab-title\">Target Audience<\/span><i aria-hidden=\"true\" class=\"fa-toggle fas fa-angle-right\"><\/i><\/div><div id=\"elementor-tab-content-2752\" class=\"eael-accordion-content clearfix\" data-tab=\"2\" aria-labelledby=\"ciljna-grupa\"><p>The course is ideal for medical professionals who work or aspire to work in remote and challenging environments. This includes:<\/p><ul><li>Paramedics<\/li><li>Emergency Medical Technicians (EMTs)<\/li><li>Military medics<\/li><li>Expedition medics<\/li><li>Remote site healthcare providers<\/li><\/ul><\/div>\n\t\t\t\t\t<\/div><div class=\"eael-accordion-list\">\n\t\t\t\t\t<div id=\"znaaj-kursa\" class=\"elementor-tab-title eael-accordion-header\" tabindex=\"0\" data-tab=\"3\" aria-controls=\"elementor-tab-content-2753\"><span class=\"eael-advanced-accordion-icon-closed\"><i aria-hidden=\"true\" class=\"fa-accordion-icon fas fa-plus\"><\/i><\/span><span class=\"eael-advanced-accordion-icon-opened\"><i aria-hidden=\"true\" class=\"fa-accordion-icon fas fa-minus\"><\/i><\/span><span class=\"eael-accordion-tab-title\">Course Significance<\/span><i aria-hidden=\"true\" class=\"fa-toggle fas fa-angle-right\"><\/i><\/div><div id=\"elementor-tab-content-2753\" class=\"eael-accordion-content clearfix\" data-tab=\"3\" aria-labelledby=\"znaaj-kursa\"><ul><li><p>The MIRA course is crucial for those who need to provide medical care in areas where immediate access to advanced medical facilities is not available. It enhances the ability to:<\/p><ul><li>Perform life-saving interventions in remote settings.<\/li><li>Manage patients with limited resources.<\/li><li>Make critical decisions under pressure.<\/li><li>Improve patient outcomes in challenging environments.<\/li><\/ul><\/li><\/ul><\/div>\n\t\t\t\t\t<\/div><div class=\"eael-accordion-list\">\n\t\t\t\t\t<div id=\"sertifikacija\" class=\"elementor-tab-title eael-accordion-header\" tabindex=\"0\" data-tab=\"4\" aria-controls=\"elementor-tab-content-2754\"><span class=\"eael-advanced-accordion-icon-closed\"><i aria-hidden=\"true\" class=\"fa-accordion-icon fas fa-plus\"><\/i><\/span><span class=\"eael-advanced-accordion-icon-opened\"><i aria-hidden=\"true\" class=\"fa-accordion-icon fas fa-minus\"><\/i><\/span><span class=\"eael-accordion-tab-title\">Certification<\/span><i aria-hidden=\"true\" class=\"fa-toggle fas fa-angle-right\"><\/i><\/div><div id=\"elementor-tab-content-2754\" class=\"eael-accordion-content clearfix\" data-tab=\"4\" aria-labelledby=\"sertifikacija\"><ul><li>Upon successful completion, participants receive a MIRA certification, which is typically valid for three years.<\/li><\/ul><\/div>\n\t\t\t\t\t<\/div><\/div>\t\t\t\t<\/div>\n\t\t\t\t<\/div>\n\t\t\t\t\t<\/div>\n\t\t<\/div>\n\t\t\t\t<div class=\"elementor-column elementor-col-33 elementor-top-column elementor-element elementor-element-e5e7316 elementor-hidden-tablet elementor-hidden-phone\" data-id=\"e5e7316\" data-element_type=\"column\" data-e-type=\"column\">\n\t\t\t<div class=\"elementor-widget-wrap\">\n\t\t\t\t\t\t\t<\/div>\n\t\t<\/div>\n\t\t\t\t\t<\/div>\n\t\t<\/section>\n\t\t\t\t<\/div>","protected":false},"excerpt":{"rendered":"<p>OSNOVANO 2004. Medicine in Remote Areas (MIRA) organizovan od strane Resuscitacionog saveta Srbije pru\u017ea specijalizovanu obuku za medicinske radnike koji rade u udaljenim i te\u017ee dostupnim oblastima. Kurs je dizajniran da pobolj\u0161a sposobnosti u\u010desnika u pru\u017eanju hitne medicinske pomo\u0107i u uslovima koji mogu biti ote\u017eani zbog nedostatka resursa i infrastrukture. Obuka obuhvata tehnike i protokole [&hellip;]<\/p>\n","protected":false},"author":1,"featured_media":0,"parent":0,"menu_order":0,"comment_status":"closed","ping_status":"closed","template":"","meta":{"site-sidebar-layout":"no-sidebar","site-content-layout":"page-builder","ast-site-content-layout":"full-width-container","site-content-style":"unboxed","site-sidebar-style":"unboxed","ast-global-header-display":"","ast-banner-title-visibility":"","ast-main-header-display":"","ast-hfb-above-header-display":"","ast-hfb-below-header-display":"","ast-hfb-mobile-header-display":"","site-post-title":"disabled","ast-breadcrumbs-content":"","ast-featured-img":"disabled","footer-sml-layout":"","ast-disable-related-posts":"","theme-transparent-header-meta":"enabled","adv-header-id-meta":"","stick-header-meta":"","header-above-stick-meta":"","header-main-stick-meta":"","header-below-stick-meta":"","astra-migrate-meta-layouts":"set","ast-page-background-enabled":"default","ast-page-background-meta":{"desktop":{"background-color":"","background-image":"","background-repeat":"repeat","background-position":"center center","background-size":"auto","background-attachment":"scroll","background-type":"","background-media":"","overlay-type":"","overlay-color":"","overlay-opacity":"","overlay-gradient":""},"tablet":{"background-color":"","background-image":"","background-repeat":"repeat","background-position":"center center","background-size":"auto","background-attachment":"scroll","background-type":"","background-media":"","overlay-type":"","overlay-color":"","overlay-opacity":"","overlay-gradient":""},"mobile":{"background-color":"","background-image":"","background-repeat":"repeat","background-position":"center center","background-size":"auto","background-attachment":"scroll","background-type":"","background-media":"","overlay-type":"","overlay-color":"","overlay-opacity":"","overlay-gradient":""}},"ast-content-background-meta":{"desktop":{"background-color":"var(--ast-global-color-5)","background-image":"","background-repeat":"repeat","background-position":"center center","background-size":"auto","background-attachment":"scroll","background-type":"","background-media":"","overlay-type":"","overlay-color":"","overlay-opacity":"","overlay-gradient":""},"tablet":{"background-color":"var(--ast-global-color-5)","background-image":"","background-repeat":"repeat","background-position":"center center","background-size":"auto","background-attachment":"scroll","background-type":"","background-media":"","overlay-type":"","overlay-color":"","overlay-opacity":"","overlay-gradient":""},"mobile":{"background-color":"var(--ast-global-color-5)","background-image":"","background-repeat":"repeat","background-position":"center center","background-size":"auto","background-attachment":"scroll","background-type":"","background-media":"","overlay-type":"","overlay-color":"","overlay-opacity":"","overlay-gradient":""}},"footnotes":""},"class_list":["post-1569","page","type-page","status-publish","hentry"],"yoast_head":"<!-- This site is optimized with the Yoast SEO plugin v27.4 - https:\/\/yoast.com\/product\/yoast-seo-wordpress\/ -->\n<title>MIRA - Resustatcioni savet Srbije<\/title>\n<meta name=\"description\" content=\"Pediatric Immediate Life Support Course- PBLS kurseve po medjunarodnom, ERC standardu organizuje Resuscitacioni savet kao jedina ovlascena i od ERC akreditovana organizacija.\" \/>\n<meta name=\"robots\" content=\"index, follow, max-snippet:-1, max-image-preview:large, max-video-preview:-1\" \/>\n<link rel=\"canonical\" href=\"https:\/\/resuscitatio.org.rs\/en\/mira-kurs-medic-in-remote-areas\/\" \/>\n<meta property=\"og:locale\" content=\"en_GB\" \/>\n<meta property=\"og:type\" content=\"article\" \/>\n<meta property=\"og:title\" content=\"MIRA kurs - Medic in Remote Areas\" \/>\n<meta property=\"og:description\" content=\"MIRA kurs - Medic in Remote Areas organizovan od strane Resuscitacionog saveta Srbije pru\u017ea specijalizovanu obuku za medicinske radnike koji rade u udaljenim i te\u017ee dostupnim oblastima. Kurs je dizajniran da pobolj\u0161a sposobnosti u\u010desnika u pru\u017eanju hitne medicinske pomo\u0107i u uslovima koji mogu biti ote\u017eani zbog nedostatka resursa i infrastrukture. Obuka obuhvata tehnike i protokole za upravljanje traumama, hitnim stanjima, kao i osnovne i napredne ve\u0161tine medicinske intervencije u specifi\u010dnim okru\u017eenjima. U\u010desnici \u0107e nau\u010diti kako da koriste ograni\u010dene resurse efikasno, kako da izvr\u0161e evaluaciju i tretman pacijenata u vanrednim uslovima, te kako da pru\u017ee podr\u0161ku i upravljaju hitnim situacijama u udaljenim podru\u010djima. Kurs je osmi\u0161ljen da pru\u017ei prakti\u010dne ve\u0161tine i teorijska znanja potrebna za uspe\u0161no upravljanje hitnim medicinskim slu\u010dajevima van glavnih medicinskih centara.\" \/>\n<meta property=\"og:url\" content=\"https:\/\/resuscitatio.org.rs\/en\/mira-kurs-medic-in-remote-areas\/\" \/>\n<meta property=\"og:site_name\" content=\"Resustatcioni savet Srbije\" \/>\n<meta property=\"article:modified_time\" content=\"2024-09-16T05:40:47+00:00\" \/>\n<meta property=\"og:image\" content=\"https:\/\/resuscitatio.org.rs\/wp-content\/uploads\/2024\/09\/118493.jpg\" \/>\n\t<meta property=\"og:image:width\" content=\"1000\" \/>\n\t<meta property=\"og:image:height\" content=\"667\" \/>\n\t<meta property=\"og:image:type\" content=\"image\/jpeg\" \/>\n<meta name=\"twitter:card\" content=\"summary_large_image\" \/>\n<meta name=\"twitter:label1\" content=\"Estimated reading time\" \/>\n\t<meta name=\"twitter:data1\" content=\"3 minutes\" \/>\n<script type=\"application\/ld+json\" class=\"yoast-schema-graph\">{\"@context\":\"https:\\\/\\\/schema.org\",\"@graph\":[{\"@type\":[\"WebPage\",\"ItemPage\"],\"@id\":\"https:\\\/\\\/resuscitatio.org.rs\\\/mira-kurs-medic-in-remote-areas\\\/\",\"url\":\"https:\\\/\\\/resuscitatio.org.rs\\\/mira-kurs-medic-in-remote-areas\\\/\",\"name\":\"MIRA - Resustatcioni savet Srbije\",\"isPartOf\":{\"@id\":\"https:\\\/\\\/resuscitatio.org.rs\\\/#website\"},\"datePublished\":\"2024-09-14T17:18:50+00:00\",\"dateModified\":\"2024-09-16T05:40:47+00:00\",\"description\":\"Pediatric Immediate Life Support Course- PBLS kurseve po medjunarodnom, ERC standardu organizuje Resuscitacioni savet kao jedina ovlascena i od ERC akreditovana organizacija.\",\"breadcrumb\":{\"@id\":\"https:\\\/\\\/resuscitatio.org.rs\\\/mira-kurs-medic-in-remote-areas\\\/#breadcrumb\"},\"inLanguage\":\"en-GB\",\"potentialAction\":[{\"@type\":\"ReadAction\",\"target\":[\"https:\\\/\\\/resuscitatio.org.rs\\\/mira-kurs-medic-in-remote-areas\\\/\"]}]},{\"@type\":\"BreadcrumbList\",\"@id\":\"https:\\\/\\\/resuscitatio.org.rs\\\/mira-kurs-medic-in-remote-areas\\\/#breadcrumb\",\"itemListElement\":[{\"@type\":\"ListItem\",\"position\":1,\"name\":\"Po\u010detna\",\"item\":\"https:\\\/\\\/resuscitatio.org.rs\\\/\"},{\"@type\":\"ListItem\",\"position\":2,\"name\":\"MIRA\"}]},{\"@type\":\"WebSite\",\"@id\":\"https:\\\/\\\/resuscitatio.org.rs\\\/#website\",\"url\":\"https:\\\/\\\/resuscitatio.org.rs\\\/\",\"name\":\"Resustatcioni savet Srbije\",\"description\":\"Resuscitacioni savet Srbije zvani\u010dni partner evropskog resuscitacionog saveta za Srbiju\",\"publisher\":{\"@id\":\"https:\\\/\\\/resuscitatio.org.rs\\\/#organization\"},\"potentialAction\":[{\"@type\":\"SearchAction\",\"target\":{\"@type\":\"EntryPoint\",\"urlTemplate\":\"https:\\\/\\\/resuscitatio.org.rs\\\/?s={search_term_string}\"},\"query-input\":{\"@type\":\"PropertyValueSpecification\",\"valueRequired\":true,\"valueName\":\"search_term_string\"}}],\"inLanguage\":\"en-GB\"},{\"@type\":\"Organization\",\"@id\":\"https:\\\/\\\/resuscitatio.org.rs\\\/#organization\",\"name\":\"Resuscitacioni savet Srbije\",\"url\":\"https:\\\/\\\/resuscitatio.org.rs\\\/\",\"logo\":{\"@type\":\"ImageObject\",\"inLanguage\":\"en-GB\",\"@id\":\"https:\\\/\\\/resuscitatio.org.rs\\\/#\\\/schema\\\/logo\\\/image\\\/\",\"url\":\"https:\\\/\\\/resuscitatio.org.rs\\\/wp-content\\\/uploads\\\/2024\\\/09\\\/Logo-RSS.png\",\"contentUrl\":\"https:\\\/\\\/resuscitatio.org.rs\\\/wp-content\\\/uploads\\\/2024\\\/09\\\/Logo-RSS.png\",\"width\":364,\"height\":123,\"caption\":\"Resuscitacioni savet Srbije\"},\"image\":{\"@id\":\"https:\\\/\\\/resuscitatio.org.rs\\\/#\\\/schema\\\/logo\\\/image\\\/\"}}]}<\/script>\n<!-- \/ Yoast SEO plugin. -->","yoast_head_json":{"title":"MIRA - Resustatcioni savet Srbije","description":"Pediatric Immediate Life Support Course- PBLS kurseve po medjunarodnom, ERC standardu organizuje Resuscitacioni savet kao jedina ovlascena i od ERC akreditovana organizacija.","robots":{"index":"index","follow":"follow","max-snippet":"max-snippet:-1","max-image-preview":"max-image-preview:large","max-video-preview":"max-video-preview:-1"},"canonical":"https:\/\/resuscitatio.org.rs\/en\/mira-kurs-medic-in-remote-areas\/","og_locale":"en_GB","og_type":"article","og_title":"MIRA kurs - Medic in Remote Areas","og_description":"MIRA kurs - Medic in Remote Areas organizovan od strane Resuscitacionog saveta Srbije pru\u017ea specijalizovanu obuku za medicinske radnike koji rade u udaljenim i te\u017ee dostupnim oblastima. Kurs je dizajniran da pobolj\u0161a sposobnosti u\u010desnika u pru\u017eanju hitne medicinske pomo\u0107i u uslovima koji mogu biti ote\u017eani zbog nedostatka resursa i infrastrukture. Obuka obuhvata tehnike i protokole za upravljanje traumama, hitnim stanjima, kao i osnovne i napredne ve\u0161tine medicinske intervencije u specifi\u010dnim okru\u017eenjima. U\u010desnici \u0107e nau\u010diti kako da koriste ograni\u010dene resurse efikasno, kako da izvr\u0161e evaluaciju i tretman pacijenata u vanrednim uslovima, te kako da pru\u017ee podr\u0161ku i upravljaju hitnim situacijama u udaljenim podru\u010djima. Kurs je osmi\u0161ljen da pru\u017ei prakti\u010dne ve\u0161tine i teorijska znanja potrebna za uspe\u0161no upravljanje hitnim medicinskim slu\u010dajevima van glavnih medicinskih centara.","og_url":"https:\/\/resuscitatio.org.rs\/en\/mira-kurs-medic-in-remote-areas\/","og_site_name":"Resustatcioni savet Srbije","article_modified_time":"2024-09-16T05:40:47+00:00","og_image":[{"width":1000,"height":667,"url":"https:\/\/resuscitatio.org.rs\/wp-content\/uploads\/2024\/09\/118493.jpg","type":"image\/jpeg"}],"twitter_card":"summary_large_image","twitter_misc":{"Estimated reading time":"3 minutes"},"schema":{"@context":"https:\/\/schema.org","@graph":[{"@type":["WebPage","ItemPage"],"@id":"https:\/\/resuscitatio.org.rs\/mira-kurs-medic-in-remote-areas\/","url":"https:\/\/resuscitatio.org.rs\/mira-kurs-medic-in-remote-areas\/","name":"MIRA - Resustatcioni savet Srbije","isPartOf":{"@id":"https:\/\/resuscitatio.org.rs\/#website"},"datePublished":"2024-09-14T17:18:50+00:00","dateModified":"2024-09-16T05:40:47+00:00","description":"Pediatric Immediate Life Support Course- PBLS kurseve po medjunarodnom, ERC standardu organizuje Resuscitacioni savet kao jedina ovlascena i od ERC akreditovana organizacija.","breadcrumb":{"@id":"https:\/\/resuscitatio.org.rs\/mira-kurs-medic-in-remote-areas\/#breadcrumb"},"inLanguage":"en-GB","potentialAction":[{"@type":"ReadAction","target":["https:\/\/resuscitatio.org.rs\/mira-kurs-medic-in-remote-areas\/"]}]},{"@type":"BreadcrumbList","@id":"https:\/\/resuscitatio.org.rs\/mira-kurs-medic-in-remote-areas\/#breadcrumb","itemListElement":[{"@type":"ListItem","position":1,"name":"Po\u010detna","item":"https:\/\/resuscitatio.org.rs\/"},{"@type":"ListItem","position":2,"name":"MIRA"}]},{"@type":"WebSite","@id":"https:\/\/resuscitatio.org.rs\/#website","url":"https:\/\/resuscitatio.org.rs\/","name":"Resustatcioni savet Srbije","description":"Resuscitacioni savet Srbije zvani\u010dni partner evropskog resuscitacionog saveta za Srbiju","publisher":{"@id":"https:\/\/resuscitatio.org.rs\/#organization"},"potentialAction":[{"@type":"SearchAction","target":{"@type":"EntryPoint","urlTemplate":"https:\/\/resuscitatio.org.rs\/?s={search_term_string}"},"query-input":{"@type":"PropertyValueSpecification","valueRequired":true,"valueName":"search_term_string"}}],"inLanguage":"en-GB"},{"@type":"Organization","@id":"https:\/\/resuscitatio.org.rs\/#organization","name":"Resuscitation Council of Serbia","url":"https:\/\/resuscitatio.org.rs\/","logo":{"@type":"ImageObject","inLanguage":"en-GB","@id":"https:\/\/resuscitatio.org.rs\/#\/schema\/logo\/image\/","url":"https:\/\/resuscitatio.org.rs\/wp-content\/uploads\/2024\/09\/Logo-RSS.png","contentUrl":"https:\/\/resuscitatio.org.rs\/wp-content\/uploads\/2024\/09\/Logo-RSS.png","width":364,"height":123,"caption":"Resuscitacioni savet Srbije"},"image":{"@id":"https:\/\/resuscitatio.org.rs\/#\/schema\/logo\/image\/"}}]}},"_links":{"self":[{"href":"https:\/\/resuscitatio.org.rs\/en\/wp-json\/wp\/v2\/pages\/1569","targetHints":{"allow":["GET"]}}],"collection":[{"href":"https:\/\/resuscitatio.org.rs\/en\/wp-json\/wp\/v2\/pages"}],"about":[{"href":"https:\/\/resuscitatio.org.rs\/en\/wp-json\/wp\/v2\/types\/page"}],"author":[{"embeddable":true,"href":"https:\/\/resuscitatio.org.rs\/en\/wp-json\/wp\/v2\/users\/1"}],"replies":[{"embeddable":true,"href":"https:\/\/resuscitatio.org.rs\/en\/wp-json\/wp\/v2\/comments?post=1569"}],"version-history":[{"count":16,"href":"https:\/\/resuscitatio.org.rs\/en\/wp-json\/wp\/v2\/pages\/1569\/revisions"}],"predecessor-version":[{"id":1888,"href":"https:\/\/resuscitatio.org.rs\/en\/wp-json\/wp\/v2\/pages\/1569\/revisions\/1888"}],"wp:attachment":[{"href":"https:\/\/resuscitatio.org.rs\/en\/wp-json\/wp\/v2\/media?parent=1569"}],"curies":[{"name":"wp","href":"https:\/\/api.w.org\/{rel}","templated":true}]}}