{"id":1739,"date":"2024-09-14T20:55:37","date_gmt":"2024-09-14T18:55:37","guid":{"rendered":"https:\/\/resuscitatio.org.rs\/?page_id=1739"},"modified":"2024-09-14T20:59:39","modified_gmt":"2024-09-14T18:59:39","slug":"gic","status":"publish","type":"page","link":"https:\/\/resuscitatio.org.rs\/en\/gic\/","title":{"rendered":"GIC"},"content":{"rendered":"<div data-elementor-type=\"wp-page\" data-elementor-id=\"1739\" class=\"elementor elementor-1739\">\n\t\t\t\t\t\t<section class=\"elementor-section elementor-top-section elementor-element elementor-element-05d33c4 elementor-section-boxed elementor-section-height-default elementor-section-height-default\" data-id=\"05d33c4\" data-element_type=\"section\" data-e-type=\"section\" data-settings=\"{&quot;background_background&quot;:&quot;classic&quot;}\">\n\t\t\t\t\t\t\t<div class=\"elementor-background-overlay\"><\/div>\n\t\t\t\t\t\t\t<div class=\"elementor-container elementor-column-gap-no\">\n\t\t\t\t\t<div class=\"elementor-column elementor-col-100 elementor-top-column elementor-element elementor-element-3f8478c\" data-id=\"3f8478c\" data-element_type=\"column\" data-e-type=\"column\">\n\t\t\t<div class=\"elementor-widget-wrap elementor-element-populated\">\n\t\t\t\t\t\t<div class=\"elementor-element elementor-element-42b782f elementor-widget elementor-widget-heading\" data-id=\"42b782f\" data-element_type=\"widget\" data-e-type=\"widget\" data-widget_type=\"heading.default\">\n\t\t\t\t<div class=\"elementor-widget-container\">\n\t\t\t\t\t<h4 class=\"elementor-heading-title elementor-size-default\">ESTABLISHED 2004<\/h4>\t\t\t\t<\/div>\n\t\t\t\t<\/div>\n\t\t\t\t<div class=\"elementor-element elementor-element-0c3184e elementor-widget elementor-widget-heading\" data-id=\"0c3184e\" data-element_type=\"widget\" data-e-type=\"widget\" data-widget_type=\"heading.default\">\n\t\t\t\t<div class=\"elementor-widget-container\">\n\t\t\t\t\t<h2 class=\"elementor-heading-title elementor-size-default\">Generic Instructor Course (GIC)<\/h2>\t\t\t\t<\/div>\n\t\t\t\t<\/div>\n\t\t\t\t<div class=\"elementor-element elementor-element-b7537d9 elementor-widget elementor-widget-text-editor\" data-id=\"b7537d9\" data-element_type=\"widget\" data-e-type=\"widget\" data-widget_type=\"text-editor.default\">\n\t\t\t\t<div class=\"elementor-widget-container\">\n\t\t\t\t\t\t\t\t\t<p class=\" translation-block\">Generic Instructor Course (GIC)<\/strong> is designed to train future instructors in the principles of adult education. This course is a joint project of the Resuscitation Council UK (RCUK) and the Advanced Life Support Group (ALSG), and it is also standardized and certified by the European Resuscitation Council (ERC).<\/p>\t\t\t\t\t\t\t\t<\/div>\n\t\t\t\t<\/div>\n\t\t\t\t<div class=\"elementor-element elementor-element-2779d0f elementor-widget__width-auto elementor-mobile-align-justify elementor-widget-mobile__width-inherit elementor-widget elementor-widget-button\" data-id=\"2779d0f\" data-element_type=\"widget\" data-e-type=\"widget\" data-widget_type=\"button.default\">\n\t\t\t\t<div class=\"elementor-widget-container\">\n\t\t\t\t\t\t\t\t\t<div class=\"elementor-button-wrapper\">\n\t\t\t\t\t<a class=\"elementor-button elementor-button-link elementor-size-sm\" href=\"https:\/\/resuscitatio.org.rs\/prijava-za-kurs\/\">\n\t\t\t\t\t\t<span class=\"elementor-button-content-wrapper\">\n\t\t\t\t\t\t\t\t\t<span class=\"elementor-button-text\">Registration for the course<\/span>\n\t\t\t\t\t<\/span>\n\t\t\t\t\t<\/a>\n\t\t\t\t<\/div>\n\t\t\t\t\t\t\t\t<\/div>\n\t\t\t\t<\/div>\n\t\t\t\t\t<\/div>\n\t\t<\/div>\n\t\t\t\t\t<\/div>\n\t\t<\/section>\n\t\t\t\t<section class=\"elementor-section elementor-top-section elementor-element elementor-element-d8e371e elementor-section-boxed elementor-section-height-default elementor-section-height-default\" data-id=\"d8e371e\" data-element_type=\"section\" data-e-type=\"section\">\n\t\t\t\t\t\t<div class=\"elementor-container elementor-column-gap-no\">\n\t\t\t\t\t<div class=\"elementor-column elementor-col-33 elementor-top-column elementor-element elementor-element-ded2842\" data-id=\"ded2842\" data-element_type=\"column\" data-e-type=\"column\">\n\t\t\t<div class=\"elementor-widget-wrap elementor-element-populated\">\n\t\t\t\t\t\t<div class=\"elementor-element elementor-element-a9cf8b5 elementor-widget elementor-widget-heading\" data-id=\"a9cf8b5\" data-element_type=\"widget\" data-e-type=\"widget\" data-widget_type=\"heading.default\">\n\t\t\t\t<div class=\"elementor-widget-container\">\n\t\t\t\t\t<h2 class=\"elementor-heading-title elementor-size-default\">Generic Instructor Course (GIC)<\/h2>\t\t\t\t<\/div>\n\t\t\t\t<\/div>\n\t\t\t\t<div class=\"elementor-element elementor-element-1eb3b94 elementor-widget elementor-widget-button\" data-id=\"1eb3b94\" data-element_type=\"widget\" data-e-type=\"widget\" data-widget_type=\"button.default\">\n\t\t\t\t<div class=\"elementor-widget-container\">\n\t\t\t\t\t\t\t\t\t<div class=\"elementor-button-wrapper\">\n\t\t\t\t\t<a class=\"elementor-button elementor-button-link elementor-size-sm\" href=\"https:\/\/resuscitatio.org.rs\/wp-content\/uploads\/2024\/09\/GIC-Flaje.pdf\" target=\"_blank\">\n\t\t\t\t\t\t<span class=\"elementor-button-content-wrapper\">\n\t\t\t\t\t\t<span class=\"elementor-button-icon\">\n\t\t\t\t<i aria-hidden=\"true\" class=\"far fa-file-pdf\"><\/i>\t\t\t<\/span>\n\t\t\t\t\t\t\t\t\t<span class=\"elementor-button-text\">Download<\/span>\n\t\t\t\t\t<\/span>\n\t\t\t\t\t<\/a>\n\t\t\t\t<\/div>\n\t\t\t\t\t\t\t\t<\/div>\n\t\t\t\t<\/div>\n\t\t\t\t<div class=\"elementor-element elementor-element-a139e55 elementor-widget-divider--view-line elementor-widget elementor-widget-divider\" data-id=\"a139e55\" data-element_type=\"widget\" data-e-type=\"widget\" data-widget_type=\"divider.default\">\n\t\t\t\t<div class=\"elementor-widget-container\">\n\t\t\t\t\t\t\t<div class=\"elementor-divider\">\n\t\t\t<span class=\"elementor-divider-separator\">\n\t\t\t\t\t\t<\/span>\n\t\t<\/div>\n\t\t\t\t\t\t<\/div>\n\t\t\t\t<\/div>\n\t\t\t\t\t<\/div>\n\t\t<\/div>\n\t\t\t\t<div class=\"elementor-column elementor-col-33 elementor-top-column elementor-element elementor-element-15d69e9\" data-id=\"15d69e9\" data-element_type=\"column\" data-e-type=\"column\">\n\t\t\t<div class=\"elementor-widget-wrap elementor-element-populated\">\n\t\t\t\t\t\t<div class=\"elementor-element elementor-element-1a39fba elementor-widget elementor-widget-eael-adv-accordion\" data-id=\"1a39fba\" data-element_type=\"widget\" data-e-type=\"widget\" data-widget_type=\"eael-adv-accordion.default\">\n\t\t\t\t<div class=\"elementor-widget-container\">\n\t\t\t\t\t            <div class=\"eael-adv-accordion\" id=\"eael-adv-accordion-1a39fba\" data-scroll-on-click=\"no\" data-scroll-speed=\"300\" data-accordion-id=\"1a39fba\" data-accordion-type=\"accordion\" data-toogle-speed=\"300\">\n            <div class=\"eael-accordion-list\">\n\t\t\t\t\t<div id=\"ciljevi-i-struktura-kursa\" class=\"elementor-tab-title eael-accordion-header\" tabindex=\"0\" data-tab=\"1\" aria-controls=\"elementor-tab-content-2751\"><span class=\"eael-advanced-accordion-icon-closed\"><i aria-hidden=\"true\" class=\"fa-accordion-icon fas fa-plus\"><\/i><\/span><span class=\"eael-advanced-accordion-icon-opened\"><i aria-hidden=\"true\" class=\"fa-accordion-icon fas fa-minus\"><\/i><\/span><span class=\"eael-accordion-tab-title\">Course Objectives and Structure<\/span><i aria-hidden=\"true\" class=\"fa-toggle fas fa-angle-right\"><\/i><\/div><div id=\"elementor-tab-content-2751\" class=\"eael-accordion-content clearfix\" data-tab=\"1\" aria-labelledby=\"ciljevi-i-struktura-kursa\"><p>The GIC aims to equip participants with the knowledge and skills needed to:<\/p><ul><li>Understand the four domains of learning.<\/li><li>Deliver various types of teaching sessions on provider courses.<\/li><li>Develop skills for teaching and facilitating learning in small groups.<\/li><li>Conduct cardiac arrest simulations and provide constructive feedback.<\/li><\/ul><p>The course consists of one day of e-learning, followed by two days of face-to-face practical sessions. The e-learning component covers essential theoretical modules that participants must complete before attending the practical part of the course.<\/p><\/div>\n\t\t\t\t\t<\/div><div class=\"eael-accordion-list\">\n\t\t\t\t\t<div id=\"praktini-deo-kursa\" class=\"elementor-tab-title eael-accordion-header\" tabindex=\"0\" data-tab=\"2\" aria-controls=\"elementor-tab-content-2752\"><span class=\"eael-advanced-accordion-icon-closed\"><i aria-hidden=\"true\" class=\"fa-accordion-icon fas fa-plus\"><\/i><\/span><span class=\"eael-advanced-accordion-icon-opened\"><i aria-hidden=\"true\" class=\"fa-accordion-icon fas fa-minus\"><\/i><\/span><span class=\"eael-accordion-tab-title\">Practical Course Component<\/span><i aria-hidden=\"true\" class=\"fa-toggle fas fa-angle-right\"><\/i><\/div><div id=\"elementor-tab-content-2752\" class=\"eael-accordion-content clearfix\" data-tab=\"2\" aria-labelledby=\"praktini-deo-kursa\"><p>During the two days of practical sessions, participants will attend lectures and engage in practical sessions covering:<\/p><ul><li>Teaching methods for skills.<\/li><li>Facilitating simulations.<\/li><li>Conducting assessments and providing feedback.<\/li><\/ul><\/div>\n\t\t\t\t\t<\/div><div class=\"eael-accordion-list\">\n\t\t\t\t\t<div id=\"proces-prijave-i-sertifikacija\" class=\"elementor-tab-title eael-accordion-header\" tabindex=\"0\" data-tab=\"3\" aria-controls=\"elementor-tab-content-2753\"><span class=\"eael-advanced-accordion-icon-closed\"><i aria-hidden=\"true\" class=\"fa-accordion-icon fas fa-plus\"><\/i><\/span><span class=\"eael-advanced-accordion-icon-opened\"><i aria-hidden=\"true\" class=\"fa-accordion-icon fas fa-minus\"><\/i><\/span><span class=\"eael-accordion-tab-title\">Application Process and Certification<\/span><i aria-hidden=\"true\" class=\"fa-toggle fas fa-angle-right\"><\/i><\/div><div id=\"elementor-tab-content-2753\" class=\"eael-accordion-content clearfix\" data-tab=\"3\" aria-labelledby=\"proces-prijave-i-sertifikacija\"><p>The GIC is not open for general applications like other courses. Candidates are identified during their attendance at provider courses (e.g., ALS, EPALS, ILS) and are recommended as potential instructors (Instructor Potential - IP) by the faculty. Following this, candidates receive an invitation to apply for the GIC.<\/p><p>After successfully completing the GIC, candidates must teach on two provider courses as Instructor Candidates (IC) within two years to achieve full instructor certification.<\/p><\/div>\n\t\t\t\t\t<\/div><div class=\"eael-accordion-list\">\n\t\t\t\t\t<div id=\"prednosti-i-kontinuirana-edukacija\" class=\"elementor-tab-title eael-accordion-header\" tabindex=\"0\" data-tab=\"4\" aria-controls=\"elementor-tab-content-2754\"><span class=\"eael-advanced-accordion-icon-closed\"><i aria-hidden=\"true\" class=\"fa-accordion-icon fas fa-plus\"><\/i><\/span><span class=\"eael-advanced-accordion-icon-opened\"><i aria-hidden=\"true\" class=\"fa-accordion-icon fas fa-minus\"><\/i><\/span><span class=\"eael-accordion-tab-title\">Benefits and Continuing Education<\/span><i aria-hidden=\"true\" class=\"fa-toggle fas fa-angle-right\"><\/i><\/div><div id=\"elementor-tab-content-2754\" class=\"eael-accordion-content clearfix\" data-tab=\"4\" aria-labelledby=\"prednosti-i-kontinuirana-edukacija\"><p>Participants who successfully complete the GIC receive a certificate recognized across Europe. They also gain complimentary associate membership in the Resuscitation Council UK, which offers various benefits.<a href=\"https:\/\/www.resus.org.uk\/training-courses\/instructor-courses\/gic-generic-instructor-course\" target=\"https:\/\/www.bing.com\/_blank\">1<\/a>.<\/p><p>The GIC is crucial for ensuring a high standard in instructor education, enabling them to effectively teach and transfer the knowledge and skills necessary for saving lives.<\/p><\/div>\n\t\t\t\t\t<\/div><\/div>\t\t\t\t<\/div>\n\t\t\t\t<\/div>\n\t\t\t\t\t<\/div>\n\t\t<\/div>\n\t\t\t\t<div class=\"elementor-column elementor-col-33 elementor-top-column elementor-element elementor-element-e5e7316 elementor-hidden-tablet elementor-hidden-phone\" data-id=\"e5e7316\" data-element_type=\"column\" data-e-type=\"column\">\n\t\t\t<div class=\"elementor-widget-wrap\">\n\t\t\t\t\t\t\t<\/div>\n\t\t<\/div>\n\t\t\t\t\t<\/div>\n\t\t<\/section>\n\t\t\t\t<\/div>","protected":false},"excerpt":{"rendered":"<p>OSNOVANO 2004. Generic Instructor Course (GIC) Generic Instructor Course (GIC) je kurs osmi\u0161ljen za obuku budu\u0107ih instruktora u principima obrazovanja odraslih. Ovaj kurs je zajedni\u010dki projekat Resuscitacionog saveta UK (RCUK) i Evropskog resuscitacionog saveta (ERC) Prijava za kurs Generic Instructor Course (GIC) Preuzmite Ciljevi i Struktura Kursa GIC kurs ima za cilj da polaznicima pru\u017ei [&hellip;]<\/p>\n","protected":false},"author":1,"featured_media":0,"parent":0,"menu_order":0,"comment_status":"closed","ping_status":"closed","template":"","meta":{"site-sidebar-layout":"no-sidebar","site-content-layout":"page-builder","ast-site-content-layout":"full-width-container","site-content-style":"unboxed","site-sidebar-style":"unboxed","ast-global-header-display":"","ast-banner-title-visibility":"","ast-main-header-display":"","ast-hfb-above-header-display":"","ast-hfb-below-header-display":"","ast-hfb-mobile-header-display":"","site-post-title":"disabled","ast-breadcrumbs-content":"","ast-featured-img":"disabled","footer-sml-layout":"","ast-disable-related-posts":"","theme-transparent-header-meta":"enabled","adv-header-id-meta":"","stick-header-meta":"","header-above-stick-meta":"","header-main-stick-meta":"","header-below-stick-meta":"","astra-migrate-meta-layouts":"set","ast-page-background-enabled":"default","ast-page-background-meta":{"desktop":{"background-color":"","background-image":"","background-repeat":"repeat","background-position":"center center","background-size":"auto","background-attachment":"scroll","background-type":"","background-media":"","overlay-type":"","overlay-color":"","overlay-opacity":"","overlay-gradient":""},"tablet":{"background-color":"","background-image":"","background-repeat":"repeat","background-position":"center center","background-size":"auto","background-attachment":"scroll","background-type":"","background-media":"","overlay-type":"","overlay-color":"","overlay-opacity":"","overlay-gradient":""},"mobile":{"background-color":"","background-image":"","background-repeat":"repeat","background-position":"center center","background-size":"auto","background-attachment":"scroll","background-type":"","background-media":"","overlay-type":"","overlay-color":"","overlay-opacity":"","overlay-gradient":""}},"ast-content-background-meta":{"desktop":{"background-color":"var(--ast-global-color-5)","background-image":"","background-repeat":"repeat","background-position":"center center","background-size":"auto","background-attachment":"scroll","background-type":"","background-media":"","overlay-type":"","overlay-color":"","overlay-opacity":"","overlay-gradient":""},"tablet":{"background-color":"var(--ast-global-color-5)","background-image":"","background-repeat":"repeat","background-position":"center center","background-size":"auto","background-attachment":"scroll","background-type":"","background-media":"","overlay-type":"","overlay-color":"","overlay-opacity":"","overlay-gradient":""},"mobile":{"background-color":"var(--ast-global-color-5)","background-image":"","background-repeat":"repeat","background-position":"center center","background-size":"auto","background-attachment":"scroll","background-type":"","background-media":"","overlay-type":"","overlay-color":"","overlay-opacity":"","overlay-gradient":""}},"footnotes":""},"class_list":["post-1739","page","type-page","status-publish","hentry"],"yoast_head":"<!-- This site is optimized with the Yoast SEO plugin v27.4 - https:\/\/yoast.com\/product\/yoast-seo-wordpress\/ -->\n<title>GIC - Resustatcioni savet Srbije<\/title>\n<meta name=\"description\" content=\"Generic Instructor Course (GIC) je kurs osmi\u0161ljen za obuku budu\u0107ih instruktora u principima obrazovanja odraslih. Ovaj kurs je zajedni\u010dki projekat Resuscitacionog saveta UK (RCUK) i Evropskog resuscitacionog saveta (ERC)\" \/>\n<meta name=\"robots\" content=\"index, follow, max-snippet:-1, max-image-preview:large, max-video-preview:-1\" \/>\n<link rel=\"canonical\" href=\"https:\/\/resuscitatio.org.rs\/en\/gic\/\" \/>\n<meta property=\"og:locale\" content=\"en_GB\" \/>\n<meta property=\"og:type\" content=\"article\" \/>\n<meta property=\"og:title\" content=\"Generic Instructor Course (GIC)\" \/>\n<meta property=\"og:description\" content=\"Generic Instructor Course (GIC) je kurs osmi\u0161ljen za obuku budu\u0107ih instruktora u principima obrazovanja odraslih. Ovaj kurs je zajedni\u010dki projekat Resuscitacionog saveta UK (RCUK) i Evropskog resuscitacionog saveta (ERC)\" \/>\n<meta property=\"og:url\" content=\"https:\/\/resuscitatio.org.rs\/en\/gic\/\" \/>\n<meta property=\"og:site_name\" content=\"Resustatcioni savet Srbije\" \/>\n<meta property=\"article:modified_time\" content=\"2024-09-14T18:59:39+00:00\" \/>\n<meta property=\"og:image\" content=\"https:\/\/resuscitatio.org.rs\/wp-content\/uploads\/2024\/09\/339.jpg\" \/>\n\t<meta property=\"og:image:width\" content=\"1000\" \/>\n\t<meta property=\"og:image:height\" content=\"667\" \/>\n\t<meta property=\"og:image:type\" content=\"image\/jpeg\" \/>\n<meta name=\"twitter:card\" content=\"summary_large_image\" \/>\n<meta name=\"twitter:label1\" content=\"Estimated reading time\" \/>\n\t<meta name=\"twitter:data1\" content=\"2 minutes\" \/>\n<script type=\"application\/ld+json\" class=\"yoast-schema-graph\">{\"@context\":\"https:\\\/\\\/schema.org\",\"@graph\":[{\"@type\":[\"WebPage\",\"ItemPage\"],\"@id\":\"https:\\\/\\\/resuscitatio.org.rs\\\/gic\\\/\",\"url\":\"https:\\\/\\\/resuscitatio.org.rs\\\/gic\\\/\",\"name\":\"GIC - Resustatcioni savet Srbije\",\"isPartOf\":{\"@id\":\"https:\\\/\\\/resuscitatio.org.rs\\\/#website\"},\"datePublished\":\"2024-09-14T18:55:37+00:00\",\"dateModified\":\"2024-09-14T18:59:39+00:00\",\"description\":\"Generic Instructor Course (GIC) je kurs osmi\u0161ljen za obuku budu\u0107ih instruktora u principima obrazovanja odraslih. Ovaj kurs je zajedni\u010dki projekat Resuscitacionog saveta UK (RCUK) i Evropskog resuscitacionog saveta (ERC)\",\"breadcrumb\":{\"@id\":\"https:\\\/\\\/resuscitatio.org.rs\\\/gic\\\/#breadcrumb\"},\"inLanguage\":\"en-GB\",\"potentialAction\":[{\"@type\":\"ReadAction\",\"target\":[\"https:\\\/\\\/resuscitatio.org.rs\\\/gic\\\/\"]}]},{\"@type\":\"BreadcrumbList\",\"@id\":\"https:\\\/\\\/resuscitatio.org.rs\\\/gic\\\/#breadcrumb\",\"itemListElement\":[{\"@type\":\"ListItem\",\"position\":1,\"name\":\"Po\u010detna\",\"item\":\"https:\\\/\\\/resuscitatio.org.rs\\\/\"},{\"@type\":\"ListItem\",\"position\":2,\"name\":\"GIC\"}]},{\"@type\":\"WebSite\",\"@id\":\"https:\\\/\\\/resuscitatio.org.rs\\\/#website\",\"url\":\"https:\\\/\\\/resuscitatio.org.rs\\\/\",\"name\":\"Resustatcioni savet Srbije\",\"description\":\"Resuscitacioni savet Srbije zvani\u010dni partner evropskog resuscitacionog saveta za Srbiju\",\"publisher\":{\"@id\":\"https:\\\/\\\/resuscitatio.org.rs\\\/#organization\"},\"potentialAction\":[{\"@type\":\"SearchAction\",\"target\":{\"@type\":\"EntryPoint\",\"urlTemplate\":\"https:\\\/\\\/resuscitatio.org.rs\\\/?s={search_term_string}\"},\"query-input\":{\"@type\":\"PropertyValueSpecification\",\"valueRequired\":true,\"valueName\":\"search_term_string\"}}],\"inLanguage\":\"en-GB\"},{\"@type\":\"Organization\",\"@id\":\"https:\\\/\\\/resuscitatio.org.rs\\\/#organization\",\"name\":\"Resuscitacioni savet Srbije\",\"url\":\"https:\\\/\\\/resuscitatio.org.rs\\\/\",\"logo\":{\"@type\":\"ImageObject\",\"inLanguage\":\"en-GB\",\"@id\":\"https:\\\/\\\/resuscitatio.org.rs\\\/#\\\/schema\\\/logo\\\/image\\\/\",\"url\":\"https:\\\/\\\/resuscitatio.org.rs\\\/wp-content\\\/uploads\\\/2024\\\/09\\\/Logo-RSS.png\",\"contentUrl\":\"https:\\\/\\\/resuscitatio.org.rs\\\/wp-content\\\/uploads\\\/2024\\\/09\\\/Logo-RSS.png\",\"width\":364,\"height\":123,\"caption\":\"Resuscitacioni savet Srbije\"},\"image\":{\"@id\":\"https:\\\/\\\/resuscitatio.org.rs\\\/#\\\/schema\\\/logo\\\/image\\\/\"}}]}<\/script>\n<!-- \/ Yoast SEO plugin. -->","yoast_head_json":{"title":"GIC - Resustatcioni savet Srbije","description":"Generic Instructor Course (GIC) je kurs osmi\u0161ljen za obuku budu\u0107ih instruktora u principima obrazovanja odraslih. Ovaj kurs je zajedni\u010dki projekat Resuscitacionog saveta UK (RCUK) i Evropskog resuscitacionog saveta (ERC)","robots":{"index":"index","follow":"follow","max-snippet":"max-snippet:-1","max-image-preview":"max-image-preview:large","max-video-preview":"max-video-preview:-1"},"canonical":"https:\/\/resuscitatio.org.rs\/en\/gic\/","og_locale":"en_GB","og_type":"article","og_title":"Generic Instructor Course (GIC)","og_description":"Generic Instructor Course (GIC) je kurs osmi\u0161ljen za obuku budu\u0107ih instruktora u principima obrazovanja odraslih. Ovaj kurs je zajedni\u010dki projekat Resuscitacionog saveta UK (RCUK) i Evropskog resuscitacionog saveta (ERC)","og_url":"https:\/\/resuscitatio.org.rs\/en\/gic\/","og_site_name":"Resustatcioni savet Srbije","article_modified_time":"2024-09-14T18:59:39+00:00","og_image":[{"width":1000,"height":667,"url":"https:\/\/resuscitatio.org.rs\/wp-content\/uploads\/2024\/09\/339.jpg","type":"image\/jpeg"}],"twitter_card":"summary_large_image","twitter_misc":{"Estimated reading time":"2 minutes"},"schema":{"@context":"https:\/\/schema.org","@graph":[{"@type":["WebPage","ItemPage"],"@id":"https:\/\/resuscitatio.org.rs\/gic\/","url":"https:\/\/resuscitatio.org.rs\/gic\/","name":"GIC - Resustatcioni savet Srbije","isPartOf":{"@id":"https:\/\/resuscitatio.org.rs\/#website"},"datePublished":"2024-09-14T18:55:37+00:00","dateModified":"2024-09-14T18:59:39+00:00","description":"Generic Instructor Course (GIC) je kurs osmi\u0161ljen za obuku budu\u0107ih instruktora u principima obrazovanja odraslih. Ovaj kurs je zajedni\u010dki projekat Resuscitacionog saveta UK (RCUK) i Evropskog resuscitacionog saveta (ERC)","breadcrumb":{"@id":"https:\/\/resuscitatio.org.rs\/gic\/#breadcrumb"},"inLanguage":"en-GB","potentialAction":[{"@type":"ReadAction","target":["https:\/\/resuscitatio.org.rs\/gic\/"]}]},{"@type":"BreadcrumbList","@id":"https:\/\/resuscitatio.org.rs\/gic\/#breadcrumb","itemListElement":[{"@type":"ListItem","position":1,"name":"Po\u010detna","item":"https:\/\/resuscitatio.org.rs\/"},{"@type":"ListItem","position":2,"name":"GIC"}]},{"@type":"WebSite","@id":"https:\/\/resuscitatio.org.rs\/#website","url":"https:\/\/resuscitatio.org.rs\/","name":"Resustatcioni savet Srbije","description":"Resuscitacioni savet Srbije zvani\u010dni partner evropskog resuscitacionog saveta za Srbiju","publisher":{"@id":"https:\/\/resuscitatio.org.rs\/#organization"},"potentialAction":[{"@type":"SearchAction","target":{"@type":"EntryPoint","urlTemplate":"https:\/\/resuscitatio.org.rs\/?s={search_term_string}"},"query-input":{"@type":"PropertyValueSpecification","valueRequired":true,"valueName":"search_term_string"}}],"inLanguage":"en-GB"},{"@type":"Organization","@id":"https:\/\/resuscitatio.org.rs\/#organization","name":"Resuscitation Council of Serbia","url":"https:\/\/resuscitatio.org.rs\/","logo":{"@type":"ImageObject","inLanguage":"en-GB","@id":"https:\/\/resuscitatio.org.rs\/#\/schema\/logo\/image\/","url":"https:\/\/resuscitatio.org.rs\/wp-content\/uploads\/2024\/09\/Logo-RSS.png","contentUrl":"https:\/\/resuscitatio.org.rs\/wp-content\/uploads\/2024\/09\/Logo-RSS.png","width":364,"height":123,"caption":"Resuscitacioni savet Srbije"},"image":{"@id":"https:\/\/resuscitatio.org.rs\/#\/schema\/logo\/image\/"}}]}},"_links":{"self":[{"href":"https:\/\/resuscitatio.org.rs\/en\/wp-json\/wp\/v2\/pages\/1739","targetHints":{"allow":["GET"]}}],"collection":[{"href":"https:\/\/resuscitatio.org.rs\/en\/wp-json\/wp\/v2\/pages"}],"about":[{"href":"https:\/\/resuscitatio.org.rs\/en\/wp-json\/wp\/v2\/types\/page"}],"author":[{"embeddable":true,"href":"https:\/\/resuscitatio.org.rs\/en\/wp-json\/wp\/v2\/users\/1"}],"replies":[{"embeddable":true,"href":"https:\/\/resuscitatio.org.rs\/en\/wp-json\/wp\/v2\/comments?post=1739"}],"version-history":[{"count":13,"href":"https:\/\/resuscitatio.org.rs\/en\/wp-json\/wp\/v2\/pages\/1739\/revisions"}],"predecessor-version":[{"id":1752,"href":"https:\/\/resuscitatio.org.rs\/en\/wp-json\/wp\/v2\/pages\/1739\/revisions\/1752"}],"wp:attachment":[{"href":"https:\/\/resuscitatio.org.rs\/en\/wp-json\/wp\/v2\/media?parent=1739"}],"curies":[{"name":"wp","href":"https:\/\/api.w.org\/{rel}","templated":true}]}}