{"id":569,"date":"2021-04-29T14:27:45","date_gmt":"2021-04-29T12:27:45","guid":{"rendered":"https:\/\/resuscitatio.org.rs\/?page_id=569"},"modified":"2025-08-23T11:03:55","modified_gmt":"2025-08-23T09:03:55","slug":"als","status":"publish","type":"page","link":"https:\/\/resuscitatio.org.rs\/en\/als\/","title":{"rendered":"ALS"},"content":{"rendered":"<div data-elementor-type=\"wp-page\" data-elementor-id=\"569\" class=\"elementor elementor-569\">\n\t\t\t\t\t\t<section class=\"elementor-section elementor-top-section elementor-element elementor-element-1e04045 elementor-section-boxed elementor-section-height-default elementor-section-height-default\" data-id=\"1e04045\" data-element_type=\"section\" data-e-type=\"section\" data-settings=\"{&quot;background_background&quot;:&quot;classic&quot;}\">\n\t\t\t\t\t\t\t<div class=\"elementor-background-overlay\"><\/div>\n\t\t\t\t\t\t\t<div class=\"elementor-container elementor-column-gap-no\">\n\t\t\t\t\t<div class=\"elementor-column elementor-col-100 elementor-top-column elementor-element elementor-element-bbbd438\" data-id=\"bbbd438\" data-element_type=\"column\" data-e-type=\"column\">\n\t\t\t<div class=\"elementor-widget-wrap elementor-element-populated\">\n\t\t\t\t\t\t<div class=\"elementor-element elementor-element-86502a4 elementor-widget elementor-widget-heading\" data-id=\"86502a4\" data-element_type=\"widget\" data-e-type=\"widget\" data-widget_type=\"heading.default\">\n\t\t\t\t<div class=\"elementor-widget-container\">\n\t\t\t\t\t<h4 class=\"elementor-heading-title elementor-size-default\">ESTABLISHED 2004<\/h4>\t\t\t\t<\/div>\n\t\t\t\t<\/div>\n\t\t\t\t<div class=\"elementor-element elementor-element-6cd514e elementor-widget elementor-widget-heading\" data-id=\"6cd514e\" data-element_type=\"widget\" data-e-type=\"widget\" data-widget_type=\"heading.default\">\n\t\t\t\t<div class=\"elementor-widget-container\">\n\t\t\t\t\t<h2 class=\"elementor-heading-title elementor-size-default\">ERC Advanced Life Support (ALS) Course<\/h2>\t\t\t\t<\/div>\n\t\t\t\t<\/div>\n\t\t\t\t<div class=\"elementor-element elementor-element-909f4d7 elementor-widget elementor-widget-text-editor\" data-id=\"909f4d7\" data-element_type=\"widget\" data-e-type=\"widget\" data-widget_type=\"text-editor.default\">\n\t\t\t\t<div class=\"elementor-widget-container\">\n\t\t\t\t\t\t\t\t\t<p>Advanced life support courses to the international ERC standard are organized by the Serbian Resuscitation Council as the only authorized and internationally accredited organization.<\/p>\t\t\t\t\t\t\t\t<\/div>\n\t\t\t\t<\/div>\n\t\t\t\t<div class=\"elementor-element elementor-element-3bad418 elementor-widget__width-auto elementor-mobile-align-justify elementor-widget-mobile__width-inherit elementor-widget elementor-widget-button\" data-id=\"3bad418\" data-element_type=\"widget\" data-e-type=\"widget\" data-widget_type=\"button.default\">\n\t\t\t\t<div class=\"elementor-widget-container\">\n\t\t\t\t\t\t\t\t\t<div class=\"elementor-button-wrapper\">\n\t\t\t\t\t<a class=\"elementor-button elementor-button-link elementor-size-sm\" href=\"https:\/\/resuscitatio.org.rs\/prijava-za-kurs\/\">\n\t\t\t\t\t\t<span class=\"elementor-button-content-wrapper\">\n\t\t\t\t\t\t\t\t\t<span class=\"elementor-button-text\">Registration for the course<\/span>\n\t\t\t\t\t<\/span>\n\t\t\t\t\t<\/a>\n\t\t\t\t<\/div>\n\t\t\t\t\t\t\t\t<\/div>\n\t\t\t\t<\/div>\n\t\t\t\t\t<\/div>\n\t\t<\/div>\n\t\t\t\t\t<\/div>\n\t\t<\/section>\n\t\t\t\t<section class=\"elementor-section elementor-top-section elementor-element elementor-element-d8e371e elementor-section-boxed elementor-section-height-default elementor-section-height-default\" data-id=\"d8e371e\" data-element_type=\"section\" data-e-type=\"section\">\n\t\t\t\t\t\t<div class=\"elementor-container elementor-column-gap-no\">\n\t\t\t\t\t<div class=\"elementor-column elementor-col-33 elementor-top-column elementor-element elementor-element-ded2842\" data-id=\"ded2842\" data-element_type=\"column\" data-e-type=\"column\">\n\t\t\t<div class=\"elementor-widget-wrap elementor-element-populated\">\n\t\t\t\t\t\t<div class=\"elementor-element elementor-element-a9cf8b5 elementor-widget elementor-widget-heading\" data-id=\"a9cf8b5\" data-element_type=\"widget\" data-e-type=\"widget\" data-widget_type=\"heading.default\">\n\t\t\t\t<div class=\"elementor-widget-container\">\n\t\t\t\t\t<h2 class=\"elementor-heading-title elementor-size-default\">ERC Advanced Life Support (ALS) Course<\/h2>\t\t\t\t<\/div>\n\t\t\t\t<\/div>\n\t\t\t\t<div class=\"elementor-element elementor-element-a83428b elementor-widget elementor-widget-button\" data-id=\"a83428b\" data-element_type=\"widget\" data-e-type=\"widget\" data-widget_type=\"button.default\">\n\t\t\t\t<div class=\"elementor-widget-container\">\n\t\t\t\t\t\t\t\t\t<div class=\"elementor-button-wrapper\">\n\t\t\t\t\t<a class=\"elementor-button elementor-button-link elementor-size-sm\" href=\"https:\/\/resuscitatio.org.rs\/wp-content\/uploads\/2024\/09\/ALS-Flaje.pdf\" target=\"_blank\">\n\t\t\t\t\t\t<span class=\"elementor-button-content-wrapper\">\n\t\t\t\t\t\t<span class=\"elementor-button-icon\">\n\t\t\t\t<i aria-hidden=\"true\" class=\"far fa-file-pdf\"><\/i>\t\t\t<\/span>\n\t\t\t\t\t\t\t\t\t<span class=\"elementor-button-text\">Download<\/span>\n\t\t\t\t\t<\/span>\n\t\t\t\t\t<\/a>\n\t\t\t\t<\/div>\n\t\t\t\t\t\t\t\t<\/div>\n\t\t\t\t<\/div>\n\t\t\t\t<div class=\"elementor-element elementor-element-a139e55 elementor-widget-divider--view-line elementor-widget elementor-widget-divider\" data-id=\"a139e55\" data-element_type=\"widget\" data-e-type=\"widget\" data-widget_type=\"divider.default\">\n\t\t\t\t<div class=\"elementor-widget-container\">\n\t\t\t\t\t\t\t<div class=\"elementor-divider\">\n\t\t\t<span class=\"elementor-divider-separator\">\n\t\t\t\t\t\t<\/span>\n\t\t<\/div>\n\t\t\t\t\t\t<\/div>\n\t\t\t\t<\/div>\n\t\t\t\t\t<\/div>\n\t\t<\/div>\n\t\t\t\t<div class=\"elementor-column elementor-col-33 elementor-top-column elementor-element elementor-element-69bffac\" data-id=\"69bffac\" data-element_type=\"column\" data-e-type=\"column\">\n\t\t\t<div class=\"elementor-widget-wrap elementor-element-populated\">\n\t\t\t\t\t\t<div class=\"elementor-element elementor-element-7d58193 elementor-widget elementor-widget-eael-adv-accordion\" data-id=\"7d58193\" data-element_type=\"widget\" data-e-type=\"widget\" data-widget_type=\"eael-adv-accordion.default\">\n\t\t\t\t<div class=\"elementor-widget-container\">\n\t\t\t\t\t            <div class=\"eael-adv-accordion\" id=\"eael-adv-accordion-7d58193\" data-scroll-on-click=\"no\" data-scroll-speed=\"300\" data-accordion-id=\"7d58193\" data-accordion-type=\"accordion\" data-toogle-speed=\"300\">\n            <div class=\"eael-accordion-list\">\n\t\t\t\t\t<div id=\"znaaj-kursa\" class=\"elementor-tab-title eael-accordion-header\" tabindex=\"0\" data-tab=\"1\" aria-controls=\"elementor-tab-content-1311\"><span class=\"eael-advanced-accordion-icon-closed\"><i aria-hidden=\"true\" class=\"fa-accordion-icon fas fa-plus\"><\/i><\/span><span class=\"eael-advanced-accordion-icon-opened\"><i aria-hidden=\"true\" class=\"fa-accordion-icon fas fa-minus\"><\/i><\/span><span class=\"eael-accordion-tab-title\">Course Significance<\/span><i aria-hidden=\"true\" class=\"fa-toggle fas fa-angle-right\"><\/i><\/div><div id=\"elementor-tab-content-1311\" class=\"eael-accordion-content clearfix\" data-tab=\"1\" aria-labelledby=\"znaaj-kursa\"><p>The ALS course is crucial for healthcare professionals as it provides advanced skills and knowledge necessary for effectively managing patients with sudden cardiac arrest. This course enables participants to respond quickly and appropriately in critical situations, thereby increasing the chances of patient survival.<\/p><\/div>\n\t\t\t\t\t<\/div><div class=\"eael-accordion-list\">\n\t\t\t\t\t<div id=\"cilj-i-sadraj-kursa\" class=\"elementor-tab-title eael-accordion-header\" tabindex=\"0\" data-tab=\"2\" aria-controls=\"elementor-tab-content-1312\"><span class=\"eael-advanced-accordion-icon-closed\"><i aria-hidden=\"true\" class=\"fa-accordion-icon fas fa-plus\"><\/i><\/span><span class=\"eael-advanced-accordion-icon-opened\"><i aria-hidden=\"true\" class=\"fa-accordion-icon fas fa-minus\"><\/i><\/span><span class=\"eael-accordion-tab-title\">Objective and Content<\/span><i aria-hidden=\"true\" class=\"fa-toggle fas fa-angle-right\"><\/i><\/div><div id=\"elementor-tab-content-1312\" class=\"eael-accordion-content clearfix\" data-tab=\"2\" aria-labelledby=\"cilj-i-sadraj-kursa\"><p>The ALS course by the European Resuscitation Council (ERC) is designed to train healthcare professionals in advanced skills and knowledge needed for managing patients with sudden cardiac arrest. The course focuses on advanced resuscitation measures and the management of critically ill patients.<\/p><\/div>\n\t\t\t\t\t<\/div><div class=\"eael-accordion-list\">\n\t\t\t\t\t<div id=\"delovi-kursa\" class=\"elementor-tab-title eael-accordion-header\" tabindex=\"0\" data-tab=\"3\" aria-controls=\"elementor-tab-content-1313\"><span class=\"eael-advanced-accordion-icon-closed\"><i aria-hidden=\"true\" class=\"fa-accordion-icon fas fa-plus\"><\/i><\/span><span class=\"eael-advanced-accordion-icon-opened\"><i aria-hidden=\"true\" class=\"fa-accordion-icon fas fa-minus\"><\/i><\/span><span class=\"eael-accordion-tab-title\">Course Components<\/span><i aria-hidden=\"true\" class=\"fa-toggle fas fa-angle-right\"><\/i><\/div><div id=\"elementor-tab-content-1313\" class=\"eael-accordion-content clearfix\" data-tab=\"3\" aria-labelledby=\"delovi-kursa\"><ol><li><strong>Theoretical Part<\/strong>:<ol><li>Online course on the CoSy platform.<\/li><li><span style=\"font-size: 16px\">Before attending the course, participants must complete an online test to confirm their theoretical preparation.<\/span><\/li><\/ol><\/li><li><strong>Practical Part<\/strong>:<ol><li>Lasts two days.<\/li><li>Includes the following skills:<ol><li>Advanced cardiopulmonary resuscitation (CPR).<\/li><li>Airway management, including endotracheal intubation.<\/li><li>Use of manual defibrillator.<\/li><li>Administration of drugs during resuscitation.<\/li><li>Recognition and treatment of various cardiac rhythms.<\/li><li>Post-resuscitation care.<\/li><\/ol><\/li><\/ol><\/li><\/ol><\/div>\n\t\t\t\t\t<\/div><div class=\"eael-accordion-list\">\n\t\t\t\t\t<div id=\"kako-se-sprovodi\" class=\"elementor-tab-title eael-accordion-header\" tabindex=\"0\" data-tab=\"4\" aria-controls=\"elementor-tab-content-1314\"><span class=\"eael-advanced-accordion-icon-closed\"><i aria-hidden=\"true\" class=\"fa-accordion-icon fas fa-plus\"><\/i><\/span><span class=\"eael-advanced-accordion-icon-opened\"><i aria-hidden=\"true\" class=\"fa-accordion-icon fas fa-minus\"><\/i><\/span><span class=\"eael-accordion-tab-title\">How It Is Conducted:<\/span><i aria-hidden=\"true\" class=\"fa-toggle fas fa-angle-right\"><\/i><\/div><div id=\"elementor-tab-content-1314\" class=\"eael-accordion-content clearfix\" data-tab=\"4\" aria-labelledby=\"kako-se-sprovodi\"><ul><li>The course is conducted through a combination of lectures, practical exercises, and simulations.<\/li><li>Participants work in small groups under the guidance of certified instructors.<\/li><\/ul><\/div>\n\t\t\t\t\t<\/div><div class=\"eael-accordion-list\">\n\t\t\t\t\t<div id=\"kome-je-namenjen\" class=\"elementor-tab-title eael-accordion-header\" tabindex=\"0\" data-tab=\"5\" aria-controls=\"elementor-tab-content-1315\"><span class=\"eael-advanced-accordion-icon-closed\"><i aria-hidden=\"true\" class=\"fa-accordion-icon fas fa-plus\"><\/i><\/span><span class=\"eael-advanced-accordion-icon-opened\"><i aria-hidden=\"true\" class=\"fa-accordion-icon fas fa-minus\"><\/i><\/span><span class=\"eael-accordion-tab-title\">Target Audience<\/span><i aria-hidden=\"true\" class=\"fa-toggle fas fa-angle-right\"><\/i><\/div><div id=\"elementor-tab-content-1315\" class=\"eael-accordion-content clearfix\" data-tab=\"5\" aria-labelledby=\"kome-je-namenjen\"><ul><li>It is intended for all healthcare professionals who have basic knowledge of BLS (Basic Life Support) and wish to enhance their skills in advanced resuscitation. <strong>BLS (Basic Life Support)<\/strong> i \u017eele da unaprede svoje ve\u0161tine u naprednoj reanimaciji.<\/li><\/ul><\/div>\n\t\t\t\t\t<\/div><div class=\"eael-accordion-list\">\n\t\t\t\t\t<div id=\"trajanje-i-validnost-sertifikata\" class=\"elementor-tab-title eael-accordion-header\" tabindex=\"0\" data-tab=\"6\" aria-controls=\"elementor-tab-content-1316\"><span class=\"eael-advanced-accordion-icon-closed\"><i aria-hidden=\"true\" class=\"fa-accordion-icon fas fa-plus\"><\/i><\/span><span class=\"eael-advanced-accordion-icon-opened\"><i aria-hidden=\"true\" class=\"fa-accordion-icon fas fa-minus\"><\/i><\/span><span class=\"eael-accordion-tab-title\">Duration and Certificate Validity<\/span><i aria-hidden=\"true\" class=\"fa-toggle fas fa-angle-right\"><\/i><\/div><div id=\"elementor-tab-content-1316\" class=\"eael-accordion-content clearfix\" data-tab=\"6\" aria-labelledby=\"trajanje-i-validnost-sertifikata\"><ul><li>Lasts two days.<\/li><li>The final exam consists of an MCQ test with 120 questions and a practical CAST test.<\/li><li>Upon passing the tests, participants earn the prestigious internationally recognized certificate.<\/li><li>The certificate is internationally recognized and valid throughout Europe.<\/li><li>Validnost sertifikata je 3 godine.<\/li><\/ul><\/div>\n\t\t\t\t\t<\/div><\/div>\t\t\t\t<\/div>\n\t\t\t\t<\/div>\n\t\t\t\t\t<\/div>\n\t\t<\/div>\n\t\t\t\t<div class=\"elementor-column elementor-col-33 elementor-top-column elementor-element elementor-element-e5e7316 elementor-hidden-tablet elementor-hidden-phone\" data-id=\"e5e7316\" data-element_type=\"column\" data-e-type=\"column\">\n\t\t\t<div class=\"elementor-widget-wrap\">\n\t\t\t\t\t\t\t<\/div>\n\t\t<\/div>\n\t\t\t\t\t<\/div>\n\t\t<\/section>\n\t\t\t\t<section class=\"elementor-section elementor-top-section elementor-element elementor-element-867ccbd elementor-section-boxed elementor-section-height-default elementor-section-height-default\" data-id=\"867ccbd\" data-element_type=\"section\" data-e-type=\"section\">\n\t\t\t\t\t\t<div class=\"elementor-container elementor-column-gap-default\">\n\t\t\t\t\t<div class=\"elementor-column elementor-col-100 elementor-top-column elementor-element elementor-element-8804e93\" data-id=\"8804e93\" data-element_type=\"column\" data-e-type=\"column\">\n\t\t\t<div class=\"elementor-widget-wrap\">\n\t\t\t\t\t\t\t<\/div>\n\t\t<\/div>\n\t\t\t\t\t<\/div>\n\t\t<\/section>\n\t\t\t\t<\/div>","protected":false},"excerpt":{"rendered":"<p>OSNOVANO 2004. ERC Advanced Life Support (ALS) Kurs Advanced life support kurseve po medjunarodnom, ERC standardu organizuje Resuscitacioni savet kao jedina ovlascena i od ERC akreditovana organizacija. Prijava za kurs ERC Advanced Life Support (ALS) Kurs Preuzmite Zna\u010daj Kursa ALS kurs je klju\u010dan za zdravstvene radnike jer pru\u017ea napredne ve\u0161tine i znanja potrebna za efikasno [&hellip;]<\/p>\n","protected":false},"author":1,"featured_media":0,"parent":0,"menu_order":0,"comment_status":"closed","ping_status":"closed","template":"","meta":{"site-sidebar-layout":"no-sidebar","site-content-layout":"page-builder","ast-site-content-layout":"full-width-container","site-content-style":"unboxed","site-sidebar-style":"unboxed","ast-global-header-display":"","ast-banner-title-visibility":"","ast-main-header-display":"","ast-hfb-above-header-display":"","ast-hfb-below-header-display":"","ast-hfb-mobile-header-display":"","site-post-title":"disabled","ast-breadcrumbs-content":"","ast-featured-img":"disabled","footer-sml-layout":"","ast-disable-related-posts":"","theme-transparent-header-meta":"enabled","adv-header-id-meta":"","stick-header-meta":"","header-above-stick-meta":"","header-main-stick-meta":"","header-below-stick-meta":"","astra-migrate-meta-layouts":"set","ast-page-background-enabled":"default","ast-page-background-meta":{"desktop":{"background-color":"","background-image":"","background-repeat":"repeat","background-position":"center center","background-size":"auto","background-attachment":"scroll","background-type":"","background-media":"","overlay-type":"","overlay-color":"","overlay-opacity":"","overlay-gradient":""},"tablet":{"background-color":"","background-image":"","background-repeat":"repeat","background-position":"center center","background-size":"auto","background-attachment":"scroll","background-type":"","background-media":"","overlay-type":"","overlay-color":"","overlay-opacity":"","overlay-gradient":""},"mobile":{"background-color":"","background-image":"","background-repeat":"repeat","background-position":"center center","background-size":"auto","background-attachment":"scroll","background-type":"","background-media":"","overlay-type":"","overlay-color":"","overlay-opacity":"","overlay-gradient":""}},"ast-content-background-meta":{"desktop":{"background-color":"var(--ast-global-color-5)","background-image":"","background-repeat":"repeat","background-position":"center center","background-size":"auto","background-attachment":"scroll","background-type":"","background-media":"","overlay-type":"","overlay-color":"","overlay-opacity":"","overlay-gradient":""},"tablet":{"background-color":"var(--ast-global-color-5)","background-image":"","background-repeat":"repeat","background-position":"center center","background-size":"auto","background-attachment":"scroll","background-type":"","background-media":"","overlay-type":"","overlay-color":"","overlay-opacity":"","overlay-gradient":""},"mobile":{"background-color":"var(--ast-global-color-5)","background-image":"","background-repeat":"repeat","background-position":"center center","background-size":"auto","background-attachment":"scroll","background-type":"","background-media":"","overlay-type":"","overlay-color":"","overlay-opacity":"","overlay-gradient":""}},"footnotes":""},"class_list":["post-569","page","type-page","status-publish","hentry"],"yoast_head":"<!-- This site is optimized with the Yoast SEO plugin v27.4 - https:\/\/yoast.com\/product\/yoast-seo-wordpress\/ -->\n<title>ALS - Resustatcioni savet Srbije<\/title>\n<meta name=\"robots\" content=\"index, follow, max-snippet:-1, max-image-preview:large, max-video-preview:-1\" \/>\n<link rel=\"canonical\" href=\"https:\/\/resuscitatio.org.rs\/en\/als\/\" \/>\n<meta property=\"og:locale\" content=\"en_GB\" \/>\n<meta property=\"og:type\" content=\"article\" \/>\n<meta property=\"og:title\" content=\"ALS - Resustatcioni savet Srbije\" \/>\n<meta property=\"og:description\" content=\"OSNOVANO 2004. ERC Advanced Life Support (ALS) Kurs Advanced life support kurseve po medjunarodnom, ERC standardu organizuje Resuscitacioni savet kao jedina ovlascena i od ERC akreditovana organizacija. Prijava za kurs ERC Advanced Life Support (ALS) Kurs Preuzmite Zna\u010daj Kursa ALS kurs je klju\u010dan za zdravstvene radnike jer pru\u017ea napredne ve\u0161tine i znanja potrebna za efikasno [&hellip;]\" \/>\n<meta property=\"og:url\" content=\"https:\/\/resuscitatio.org.rs\/en\/als\/\" \/>\n<meta property=\"og:site_name\" content=\"Resustatcioni savet Srbije\" \/>\n<meta property=\"article:modified_time\" content=\"2025-08-23T09:03:55+00:00\" \/>\n<meta name=\"twitter:card\" content=\"summary_large_image\" \/>\n<script type=\"application\/ld+json\" class=\"yoast-schema-graph\">{\"@context\":\"https:\\\/\\\/schema.org\",\"@graph\":[{\"@type\":\"WebPage\",\"@id\":\"https:\\\/\\\/resuscitatio.org.rs\\\/als\\\/\",\"url\":\"https:\\\/\\\/resuscitatio.org.rs\\\/als\\\/\",\"name\":\"ALS - Resustatcioni savet Srbije\",\"isPartOf\":{\"@id\":\"https:\\\/\\\/resuscitatio.org.rs\\\/#website\"},\"datePublished\":\"2021-04-29T12:27:45+00:00\",\"dateModified\":\"2025-08-23T09:03:55+00:00\",\"breadcrumb\":{\"@id\":\"https:\\\/\\\/resuscitatio.org.rs\\\/als\\\/#breadcrumb\"},\"inLanguage\":\"en-GB\",\"potentialAction\":[{\"@type\":\"ReadAction\",\"target\":[\"https:\\\/\\\/resuscitatio.org.rs\\\/als\\\/\"]}]},{\"@type\":\"BreadcrumbList\",\"@id\":\"https:\\\/\\\/resuscitatio.org.rs\\\/als\\\/#breadcrumb\",\"itemListElement\":[{\"@type\":\"ListItem\",\"position\":1,\"name\":\"Po\u010detna\",\"item\":\"https:\\\/\\\/resuscitatio.org.rs\\\/\"},{\"@type\":\"ListItem\",\"position\":2,\"name\":\"ALS\"}]},{\"@type\":\"WebSite\",\"@id\":\"https:\\\/\\\/resuscitatio.org.rs\\\/#website\",\"url\":\"https:\\\/\\\/resuscitatio.org.rs\\\/\",\"name\":\"Resustatcioni savet Srbije\",\"description\":\"Resuscitacioni savet Srbije zvani\u010dni partner evropskog resuscitacionog saveta za Srbiju\",\"publisher\":{\"@id\":\"https:\\\/\\\/resuscitatio.org.rs\\\/#organization\"},\"potentialAction\":[{\"@type\":\"SearchAction\",\"target\":{\"@type\":\"EntryPoint\",\"urlTemplate\":\"https:\\\/\\\/resuscitatio.org.rs\\\/?s={search_term_string}\"},\"query-input\":{\"@type\":\"PropertyValueSpecification\",\"valueRequired\":true,\"valueName\":\"search_term_string\"}}],\"inLanguage\":\"en-GB\"},{\"@type\":\"Organization\",\"@id\":\"https:\\\/\\\/resuscitatio.org.rs\\\/#organization\",\"name\":\"Resuscitacioni savet Srbije\",\"url\":\"https:\\\/\\\/resuscitatio.org.rs\\\/\",\"logo\":{\"@type\":\"ImageObject\",\"inLanguage\":\"en-GB\",\"@id\":\"https:\\\/\\\/resuscitatio.org.rs\\\/#\\\/schema\\\/logo\\\/image\\\/\",\"url\":\"https:\\\/\\\/resuscitatio.org.rs\\\/wp-content\\\/uploads\\\/2024\\\/09\\\/Logo-RSS.png\",\"contentUrl\":\"https:\\\/\\\/resuscitatio.org.rs\\\/wp-content\\\/uploads\\\/2024\\\/09\\\/Logo-RSS.png\",\"width\":364,\"height\":123,\"caption\":\"Resuscitacioni savet Srbije\"},\"image\":{\"@id\":\"https:\\\/\\\/resuscitatio.org.rs\\\/#\\\/schema\\\/logo\\\/image\\\/\"}}]}<\/script>\n<!-- \/ Yoast SEO plugin. -->","yoast_head_json":{"title":"ALS - Resustatcioni savet Srbije","robots":{"index":"index","follow":"follow","max-snippet":"max-snippet:-1","max-image-preview":"max-image-preview:large","max-video-preview":"max-video-preview:-1"},"canonical":"https:\/\/resuscitatio.org.rs\/en\/als\/","og_locale":"en_GB","og_type":"article","og_title":"ALS - Resustatcioni savet Srbije","og_description":"OSNOVANO 2004. ERC Advanced Life Support (ALS) Kurs Advanced life support kurseve po medjunarodnom, ERC standardu organizuje Resuscitacioni savet kao jedina ovlascena i od ERC akreditovana organizacija. Prijava za kurs ERC Advanced Life Support (ALS) Kurs Preuzmite Zna\u010daj Kursa ALS kurs je klju\u010dan za zdravstvene radnike jer pru\u017ea napredne ve\u0161tine i znanja potrebna za efikasno [&hellip;]","og_url":"https:\/\/resuscitatio.org.rs\/en\/als\/","og_site_name":"Resustatcioni savet Srbije","article_modified_time":"2025-08-23T09:03:55+00:00","twitter_card":"summary_large_image","schema":{"@context":"https:\/\/schema.org","@graph":[{"@type":"WebPage","@id":"https:\/\/resuscitatio.org.rs\/als\/","url":"https:\/\/resuscitatio.org.rs\/als\/","name":"ALS - Resustatcioni savet Srbije","isPartOf":{"@id":"https:\/\/resuscitatio.org.rs\/#website"},"datePublished":"2021-04-29T12:27:45+00:00","dateModified":"2025-08-23T09:03:55+00:00","breadcrumb":{"@id":"https:\/\/resuscitatio.org.rs\/als\/#breadcrumb"},"inLanguage":"en-GB","potentialAction":[{"@type":"ReadAction","target":["https:\/\/resuscitatio.org.rs\/als\/"]}]},{"@type":"BreadcrumbList","@id":"https:\/\/resuscitatio.org.rs\/als\/#breadcrumb","itemListElement":[{"@type":"ListItem","position":1,"name":"Po\u010detna","item":"https:\/\/resuscitatio.org.rs\/"},{"@type":"ListItem","position":2,"name":"ALS"}]},{"@type":"WebSite","@id":"https:\/\/resuscitatio.org.rs\/#website","url":"https:\/\/resuscitatio.org.rs\/","name":"Resustatcioni savet Srbije","description":"Resuscitacioni savet Srbije zvani\u010dni partner evropskog resuscitacionog saveta za Srbiju","publisher":{"@id":"https:\/\/resuscitatio.org.rs\/#organization"},"potentialAction":[{"@type":"SearchAction","target":{"@type":"EntryPoint","urlTemplate":"https:\/\/resuscitatio.org.rs\/?s={search_term_string}"},"query-input":{"@type":"PropertyValueSpecification","valueRequired":true,"valueName":"search_term_string"}}],"inLanguage":"en-GB"},{"@type":"Organization","@id":"https:\/\/resuscitatio.org.rs\/#organization","name":"Resuscitation Council of Serbia","url":"https:\/\/resuscitatio.org.rs\/","logo":{"@type":"ImageObject","inLanguage":"en-GB","@id":"https:\/\/resuscitatio.org.rs\/#\/schema\/logo\/image\/","url":"https:\/\/resuscitatio.org.rs\/wp-content\/uploads\/2024\/09\/Logo-RSS.png","contentUrl":"https:\/\/resuscitatio.org.rs\/wp-content\/uploads\/2024\/09\/Logo-RSS.png","width":364,"height":123,"caption":"Resuscitacioni savet Srbije"},"image":{"@id":"https:\/\/resuscitatio.org.rs\/#\/schema\/logo\/image\/"}}]}},"_links":{"self":[{"href":"https:\/\/resuscitatio.org.rs\/en\/wp-json\/wp\/v2\/pages\/569","targetHints":{"allow":["GET"]}}],"collection":[{"href":"https:\/\/resuscitatio.org.rs\/en\/wp-json\/wp\/v2\/pages"}],"about":[{"href":"https:\/\/resuscitatio.org.rs\/en\/wp-json\/wp\/v2\/types\/page"}],"author":[{"embeddable":true,"href":"https:\/\/resuscitatio.org.rs\/en\/wp-json\/wp\/v2\/users\/1"}],"replies":[{"embeddable":true,"href":"https:\/\/resuscitatio.org.rs\/en\/wp-json\/wp\/v2\/comments?post=569"}],"version-history":[{"count":64,"href":"https:\/\/resuscitatio.org.rs\/en\/wp-json\/wp\/v2\/pages\/569\/revisions"}],"predecessor-version":[{"id":1919,"href":"https:\/\/resuscitatio.org.rs\/en\/wp-json\/wp\/v2\/pages\/569\/revisions\/1919"}],"wp:attachment":[{"href":"https:\/\/resuscitatio.org.rs\/en\/wp-json\/wp\/v2\/media?parent=569"}],"curies":[{"name":"wp","href":"https:\/\/api.w.org\/{rel}","templated":true}]}}